{"id":3230,"date":"2024-03-06T13:11:44","date_gmt":"2024-03-06T12:11:44","guid":{"rendered":"https:\/\/www.stratosferica.org\/?page_id=3230"},"modified":"2024-03-06T13:19:05","modified_gmt":"2024-03-06T12:19:05","slug":"friends-of-dorado-informativa","status":"publish","type":"page","link":"https:\/\/www.stratosferica.org\/en\/friends-of-dorado-informativa\/","title":{"rendered":"Dorado \u2014 Informativa"},"content":{"rendered":"<hr class=\"wp-block-separator has-alpha-channel-opacity\"\/>\n\n\n\n<p>Informativa sul trattamento dei dati personali per l&#8217;adesione al progetto &#8220;DORADO&#8221;<\/p>\n\n\n\n<p><strong>STRATOSFERICA SRL IMPRESA SOCIALE\u00a0<\/strong>(di seguito il \u201cTitolare\u201d), in qualit\u00e0 di Titolare del trattamento dei dati, ai sensi dell\u2019art. 13 del Regolamento UE n. 679\/2016 &#8211; Regolamento generale sulla protezione dei dati (di seguito, il &#8220;GDPR&#8221;), e successive modifiche e integrazioni, raccoglie e successivamente tratta i dati personali degli aderenti (di seguito l\u2019&#8221;interessato&#8221;) al progetto \u201cDORADO\u201d (di seguito \u201cil Progetto\u201d).<\/p>\n\n\n\n<ol class=\"wp-block-list\">\n<li><strong>Categorie di dati personali<\/strong><br>I dati personali trattati dal Titolare sono raccolti direttamente e liberamente forniti dagli Interessati. Queste informazioni riguardano dati personali (es. dati anagrafici, dati di contatto, numeri di telefono, indirizzi di posta elettronica, indirizzo di domicilio).\u00a0<\/li>\n\n\n\n<li><strong>Finalit\u00e0 del trattamento<\/strong><br>I dati personali degli Interessati, forniti mediante la compilazione del form di adesione al Progetto, sono trattati per le seguenti finalit\u00e0:<br><strong>a)<\/strong> finalit\u00e0 strettamente connesse all\u2019espletamento e messa in atto dei servizi richiesti (iscrizione e adesione al Progetto) nonch\u00e9 per l\u2019esecuzione del contratto, per adempiere a obblighi legali o per il nostro legittimo interesse commerciale nell\u2019ambito della normale attivit\u00e0 svolta dalla scrivente organizzazione, compreso l\u2019invio di circolari e comunicati correlati con l\u2019attivit\u00e0 del contratto di prestazione dei servizi richiesti (rif. art.6 co.1 lett. b) del GDPR);<br><strong>b)<\/strong> procedere alla eventuale verifica dei presupposti per l\u2019adesione al Progetto (es. pagamento della quota di adesione, accertamento della maggiore et\u00e0) (rif. art.6 co.1 lett. b) del GDPR);<br>c) adempimenti fiscali, amministrativi e contabili strettamente connessi alla suddetta adesione (rif. art.6 co.1 lett. c) del GDPR);<br><strong>d) <\/strong>invio di comunicazioni e\/o documentazione da parte del Titolare del trattamento per aggiornare l&#8217;Interessato su tutti gli altri futuri progetti, iniziative, ed eventi promossi dalla scrivente organizzazione nell&#8217;ambito della stessa area di interesse o relativa al Progetto, sia attraverso strumenti automatizzati (ad esempio, newsletter, posta elettronica, sms, mms, chiamate senza operatore, ecc.) e mediante modalit\u00e0 di contatto tradizionali (posta cartacea e\/o chiamate dirette tramite operatore);<br><strong>e)<\/strong> per la sicurezza delle reti (cyber security), l&#8217;accertamento, l&#8217;esercizio o la difesa di un diritto in sede giudiziaria e stragiudiziale (per il perseguimento del legittimo interesse del Titolare art. 6, comma 1, lett. f) del GDPR) della scrivente organizzazione.<br><br>Finalit\u00e0 funzionali all&#8217;attivit\u00e0 per le quali l&#8217;interessato ha diritto di prestare o meno il consenso:<br><strong>f) <\/strong>adesione al servizio newsletter per ricevere messaggi informativi, di promozione e rilevazione del grado di soddisfazione su eventi, progetti, attivit\u00e0 formative e iniziative promosse da STRATOSFERICA SRL IMPRESA SOCIALE.<br><br>Il trattamento dei dati personali \u00e8 eseguito, sotto l&#8217;autorit\u00e0 del Titolare, da soggetti appositamente designati, autorizzati ed istruiti al trattamento, mediante strumenti manuali, automatizzati o telematici, con logiche strettamente connesse alle finalit\u00e0 e comunque in modo tale da garantire la riservatezza e la sicurezza dei dati personali.<br><\/li>\n\n\n\n<li><strong>Base giuridica del trattamento, conseguenze del rifiuto e consenso dell&#8217;interessato<\/strong><br>Con riferimento alle finalit\u00e0 di cui alle lettere a), b), c), e), il conferimento dei dati personali \u00e8 facoltativo ma obbligatorio per l\u2019adesione al Progetto. Nel caso in cui gli Interessati non comunichino i propri dati essenziali e non consentano il trattamento dei dati, non sar\u00e0 possibile procedere al completamento e all&#8217;esecuzione dei servizi proposti e dar seguito agli obblighi contrattuali intrapresi, con conseguente pregiudizio per il corretto assolvimento degli obblighi relativi alla gestione amministrativa, contabile e fiscale. Pertanto, la base giuridica del relativo trattamento dei dati \u00e8 l\u2019adesione al Progetto di cui agli artt. 6, co. 1, lett. b) e f) del GDPR e art. 6 co. 1 lett. c) del GDPR per finalit\u00e0 connesse a obblighi previsti da leggi, nonch\u00e9 da disposizioni impartite da autorit\u00e0 a ci\u00f2 legittimate dalla legge.<br>Per tutti i dati non essenziali il conferimento \u00e8 facoltativo.<br>Per ulteriori finalit\u00e0 \u00e8 richiesto il consenso, ai sensi dell&#8217;art. 6, comma 1, lett. a). Il mancato consenso comporter\u00e0 l&#8217;impossibilit\u00e0 di coinvolgere l&#8217;Interessato in futuri progetti, iniziative ed eventi nella stessa area di interesse.<\/li>\n\n\n\n<li><strong>Periodo di conservazione<\/strong><br>I dati personali saranno conservati, in generale, fintanto che persistono le finalit\u00e0 del trattamento. Saranno conservati per tutta l\u2019adesione al Progetto e, successivamente alla sua conclusione, per le ulteriori finalit\u00e0 per le quali l&#8217;Interessato ha prestato il proprio consenso.<br>Il Titolare pu\u00f2 conservare alcuni dati personali dell&#8217;interessato anche dopo la cessazione del trattamento, esclusivamente per gli ambiti di difesa o tutela dei suoi diritti, ovvero in ottemperanza ad un obbligo di legge o per ordine di un\u2019autorit\u00e0 e fino alla fine del periodo di prescrizione legale (10 anni) purch\u00e9 il rapporto non si rinnovi nuovamente.<\/li>\n\n\n\n<li><strong>Trasferimenti extra EU<\/strong><br>Il trattamento avverr\u00e0 prevalentemente in Italia e UE, ma potrebbe anche svolgersi in paesi extra-UE ed extra-SEE, nel rispetto delle garanzie a favore degli interessati, qualora ritenuto funzionale all\u2019efficiente assolvimento delle finalit\u00e0 perseguite.<br>La scrivente organizzazione si avvale del servizio <strong>\u201cGoogle Forms\u201d <\/strong>per erogare i servizi di cui al punto 2, per il quale \u00e8 previsto il trasferimento di dati al di fuori dell\u2019Unione Europea e dello Spazio economico europeo sulla base dell\u2019adozione delle Clausole contrattuali standard (Standard Contractual Clauses, \u201cSCC\u201d) sottoscritte dal fornitore del servizio Google. Per ulteriori informazioni consultare il seguente link: <a href=\"https:\/\/cloud.google.com\/terms\/data-processing-addendum\">https:\/\/cloud.google.com\/terms\/data-processing-addendum<\/a><\/li>\n\n\n\n<li><strong>Soggetti e categorie di soggetti ai quali i dati personali possono essere comunicati e contesto di comunicazione<\/strong><br>In relazione alle finalit\u00e0 del trattamento dei dati sopra indicate, ed entro gli stretti limiti di pertinenza a tali finalit\u00e0, i dati personali dell&#8217;Interessato potrebbero essere comunicati ai seguenti soggetti, ai fini dell\u2019iscrizione e successiva partecipazione all\u2019Evento:<br>a soggetti interni autorizzati e consulenti esterni in qualit\u00e0 di Responsabili del trattamento, che svolgono specifici compiti ed operazioni (es. per la gestione degli adempimenti amministrativi e fiscali, elaborazione dati e consulenze informatiche, attivit\u00e0 promozionali, etc.);<br>istituti finanziari per l&#8217;esecuzione dei pagamenti relativi alla sottoscrizione;<br>nei casi ed ai soggetti previsti dalla legge.<br><br>I soggetti di cui sopra, ai quali i dati personali dell&#8217;Interessato saranno o potranno essere comunicati (quando non designati Responsabili), tratteranno i dati personali in qualit\u00e0 Titolari del trattamento secondo il GDPR, in piena autonomia, essendo completamente separati dall&#8217;originale trattamento eseguito dal Titolare.<br>Senza il consenso alla comunicazione dei dati personali e ai relativi trattamenti, nei casi in cui \u00e8 previsto dal GDPR, le operazioni che richiedono la comunicazione potrebbero non essere eseguite, con conseguenze note all&#8217;Interessato.<br>A richiesta \u00e8 sempre disponibile presso la sede legale del Titolare l&#8217;elenco dettagliato e aggiornato di tali soggetti.<\/li>\n\n\n\n<li><strong>Minori di anni 18<\/strong><br>Il servizio di registrazione online non contiene informazioni n\u00e9 funzionalit\u00e0 o servizi direttamente destinati a utenti di et\u00e0 inferiore a 18 anni. <strong>Si invitano, dunque, tutti gli utenti che non abbiano compiuto 18 anni a non comunicare in nessun caso i propri dati personali senza previa autorizzazione di un genitore o dell&#8217;esercente la potest\u00e0 genitoriale<\/strong>. Qualora si venisse a conoscenza del fatto che i dati personali sono stati forniti da persona minore di et\u00e0 (minore di anni 18) si provveder\u00e0 all&#8217;immediata distruzione degli stessi, riservandosi altres\u00ec la facolt\u00e0 di inibire l&#8217;accesso ai servizi a qualsiasi utente che abbia nascosto la propria minore et\u00e0 o che abbia comunque comunicato i propri dati personali in assenza del consenso di chi esercita la potest\u00e0 genitoriale.<br>In caso di violazione di quanto sopra da parte di un minore di 18 anni, il titolare del servizio non potr\u00e0 considerarsi responsabile dell&#8217;accaduto e non risponder\u00e0 di richieste di risarcimento di danni diretti e\/o indiretti derivanti e conseguenti da tale violazione.<\/li>\n\n\n\n<li><strong>Diritti degli Interessati<\/strong><br>In ogni momento potr\u00e0: esercitare i Suoi diritti (accesso, rettifica, cancellazione, limitazione, portabilit\u00e0, opposizione, assenza di processi di decisione automatizzati) quando previsto nei confronti del titolare del trattamento, ai sensi degli artt. dal 15 al 22 del GDPR (<a href=\"https:\/\/eur-lex.europa.eu\/legal-content\/IT\/TXT\/HTML\/?uri=CELEX:32016R0679&amp;from=IT#d1e2168-1-1\">norma<\/a>); proporre reclamo al Garante (<a href=\"https:\/\/www.garanteprivacy.it\/\">www.garanteprivacy.it<\/a>); qualora il trattamento si basi sul consenso, revocare tale consenso prestato, tenuto conto che la revoca del consenso non pregiudica la liceit\u00e0 del trattamento basata sul consenso prima della revoca.<br>Per conoscere l&#8217;elenco dettagliato dei soggetti ai quali i dati personali dell&#8217;Interessato possono essere comunicati ed esercitare i diritti riconosciuti dagli articoli 15 e seguenti del GDPR, ai sensi dell&#8217;articolo 12 del GDPR e nei limiti della sezione 2-undecies del Codice della Privacy, l&#8217;Interessato pu\u00f2 contattare il Titolare del trattamento dei dati ai seguenti recapiti:<br><br><strong>STRATOSFERICA SRL IMPRESA SOCIALE \u2013 via Regaldi 7 int. 12\/A Torino TO (Italia) Tel.: 0112478137 \u00a0E-mail: info@stratosferica.org<\/strong><br><\/li>\n\n\n\n<li><strong>Formato dell\u2019informativa<\/strong><br>La presente informativa \u00e8 consultabile in forma automatica tramite un qualsiasi browser per la navigazione Internet.<br>In ogni caso preghiamo di segnalare le difficolt\u00e0 incontrate nel visualizzare questa informativa al fine di potere, eventualmente, provvedere con mezzi alternativi.<\/li>\n<\/ol>\n\n\n\n<p><strong>Contatti<\/strong><\/p>\n\n\n\n<ul class=\"wp-block-list\">\n<li>Per qualsiasi domanda o chiarimento, i clienti possono contattarci tramite i dettagli forniti sul nostro sito.<\/li>\n<\/ul>\n\n\n\n<hr class=\"wp-block-separator has-alpha-channel-opacity\"\/>","protected":false},"excerpt":{"rendered":"<p>Informativa sul trattamento dei dati personali per l&#8217;adesione al progetto &#8220;DORADO&#8221; STRATOSFERICA SRL IMPRESA SOCIALE\u00a0(di seguito il \u201cTitolare\u201d), in qualit\u00e0 di Titolare del trattamento dei dati, ai sensi dell\u2019art. 13 del Regolamento UE n. 679\/2016 &#8211; Regolamento generale sulla protezione dei dati (di seguito, il &#8220;GDPR&#8221;), e successive modifiche e integrazioni, raccoglie e successivamente tratta [&hellip;]<\/p>\n","protected":false},"author":3,"featured_media":0,"parent":0,"menu_order":0,"comment_status":"closed","ping_status":"closed","template":"","meta":{"slim_seo":{"title":"Dorado \u2014 Informativa - Stratosferica","description":"Informativa sul trattamento dei dati personali per l'adesione al progetto \"DORADO\" STRATOSFERICA SRL IMPRESA SOCIALE\u00a0 (di seguito il \u201cTitolare\u201d), in qualit\u00e0 di"},"footnotes":""},"class_list":["post-3230","page","type-page","status-publish","hentry"],"blocksy_meta":{"has_hero_section":"disabled","page_structure_type":"type-3","styles_descriptor":{"styles":{"desktop":"","tablet":"","mobile":""},"google_fonts":[],"version":6}},"_links":{"self":[{"href":"https:\/\/www.stratosferica.org\/en\/wp-json\/wp\/v2\/pages\/3230","targetHints":{"allow":["GET"]}}],"collection":[{"href":"https:\/\/www.stratosferica.org\/en\/wp-json\/wp\/v2\/pages"}],"about":[{"href":"https:\/\/www.stratosferica.org\/en\/wp-json\/wp\/v2\/types\/page"}],"author":[{"embeddable":true,"href":"https:\/\/www.stratosferica.org\/en\/wp-json\/wp\/v2\/users\/3"}],"replies":[{"embeddable":true,"href":"https:\/\/www.stratosferica.org\/en\/wp-json\/wp\/v2\/comments?post=3230"}],"version-history":[{"count":3,"href":"https:\/\/www.stratosferica.org\/en\/wp-json\/wp\/v2\/pages\/3230\/revisions"}],"predecessor-version":[{"id":3389,"href":"https:\/\/www.stratosferica.org\/en\/wp-json\/wp\/v2\/pages\/3230\/revisions\/3389"}],"wp:attachment":[{"href":"https:\/\/www.stratosferica.org\/en\/wp-json\/wp\/v2\/media?parent=3230"}],"curies":[{"name":"wp","href":"https:\/\/api.w.org\/{rel}","templated":true}]}}