{"id":2920,"date":"2023-12-20T22:07:37","date_gmt":"2023-12-20T21:07:37","guid":{"rendered":"https:\/\/stratosferica.org\/?post_type=product&#038;p=2920"},"modified":"2024-01-23T09:47:25","modified_gmt":"2024-01-23T08:47:25","slug":"tavoli-di-lavoro-2023","status":"publish","type":"product","link":"https:\/\/www.stratosferica.org\/en\/product\/tavoli-di-lavoro-2023\/","title":{"rendered":"Utopian Hours \u2013\u00a0Tavoli di Lavoro 2023"},"content":{"rendered":"<h4 class=\"wp-block-heading\" style=\"margin-top: 0; margin-bottom: 0; padding-top: 0; padding-bottom: 0;\"><strong>Egomobility<\/strong><\/h4>\n\n\n\n<h5 class=\"wp-block-heading\"><strong><em>Il futuro della mobilit\u00e0 incentrato sulla persona<\/em><\/strong><\/h5>\n\n\n\n<p>Un tavolo di lavoro in collaborazione con Fondazione Transform Transport ETS, per ragionare in modo coraggioso e provocatorio sul contributo che lo sviluppo tecnologico potr\u00e0 dare al settore della mobilit\u00e0.\u00a0<\/p>\n\n\n\n<h4 class=\"wp-block-heading\"><strong>GovTech City<\/strong><\/h4>\n\n\n\n<h5 class=\"wp-block-heading\"><strong><em>La tecnologia al servizio delle periferie competitive<\/em><\/strong><\/h5>\n\n\n\n<p>II Gov-Tech sta facilitando l\u2019accesso ai servizi pubblici, consentendo a molti di godere dei vantaggi che distinguono i centri urbani \u2014 diversit\u00e0, efficienza, creativit\u00e0\u2014 anche nelle aree suburbane. In collaborazione con Feel un tavolo di lavoro che guarda all\u2019innovazione come risorsa per lo sviluppo, l\u2019attrattivit\u00e0 e il benessere collettivo.<\/p>","protected":false},"excerpt":{"rendered":"<p><span style=\"font-size: 14pt; font-family: Arial, sans-serif; background-color: transparent; vertical-align: baseline;\">La sintesi dei tavoli di lavoro di Utopian Hours 2023 con i contributi di oltre 140 sindaci, assessori, city maker, progettisti e imprese da tutta Italia. Mobilit\u00e0, innovazione tecnologica, rigenerazione urbana e attrattivit\u00e0: i temi pi\u00f9 attuali attraverso le idee e le esperienze di alcuni tra i maggiori esperti nel nostro Paese.<\/span><\/p>\n<p>Scaricando i report sostieni il lavoro di ricerca e di divulgazione di Stratosferica.<\/p>\n<p dir=\"ltr\" style=\"line-height: 1.38; margin-top: 0pt; margin-bottom: 0pt;\">\u00a0<\/p>\n<div>\u00a0<\/div>","protected":false},"featured_media":2917,"template":"","meta":{"slim_seo":{"title":"Utopian Hours \u2013\u00a0Tavoli di Lavoro 2023 - Stratosferica","description":"La sintesi dei tavoli di lavoro di Utopian Hours 2023 con i contributi di oltre 140 sindaci, assessori, city maker, progettisti e imprese da tutta Italia. Mobil"}},"product_brand":[],"product_cat":[33,34],"product_tag":[],"class_list":{"0":"post-2920","1":"product","2":"type-product","3":"status-publish","4":"has-post-thumbnail","6":"product_cat-library","7":"product_cat-utopian-hours","9":"first","10":"instock","11":"downloadable","12":"virtual","13":"sold-individually","14":"taxable","15":"purchasable","16":"product-type-simple"},"_links":{"self":[{"href":"https:\/\/www.stratosferica.org\/en\/wp-json\/wp\/v2\/product\/2920","targetHints":{"allow":["GET"]}}],"collection":[{"href":"https:\/\/www.stratosferica.org\/en\/wp-json\/wp\/v2\/product"}],"about":[{"href":"https:\/\/www.stratosferica.org\/en\/wp-json\/wp\/v2\/types\/product"}],"wp:featuredmedia":[{"embeddable":true,"href":"https:\/\/www.stratosferica.org\/en\/wp-json\/wp\/v2\/media\/2917"}],"wp:attachment":[{"href":"https:\/\/www.stratosferica.org\/en\/wp-json\/wp\/v2\/media?parent=2920"}],"wp:term":[{"taxonomy":"product_brand","embeddable":true,"href":"https:\/\/www.stratosferica.org\/en\/wp-json\/wp\/v2\/product_brand?post=2920"},{"taxonomy":"product_cat","embeddable":true,"href":"https:\/\/www.stratosferica.org\/en\/wp-json\/wp\/v2\/product_cat?post=2920"},{"taxonomy":"product_tag","embeddable":true,"href":"https:\/\/www.stratosferica.org\/en\/wp-json\/wp\/v2\/product_tag?post=2920"}],"curies":[{"name":"wp","href":"https:\/\/api.w.org\/{rel}","templated":true}]}}